{"id":798,"date":"2024-10-24T15:11:15","date_gmt":"2024-10-24T15:11:15","guid":{"rendered":"https:\/\/www.vulkansystems.com\/?page_id=798"},"modified":"2025-10-13T17:39:22","modified_gmt":"2025-10-13T17:39:22","slug":"politica-de-cookies-vulkan","status":"publish","type":"page","link":"https:\/\/www.vulkansystems.com\/en\/politica-de-cookies-vulkan\/","title":{"rendered":"COOKIES POLICY"},"content":{"rendered":"<div data-elementor-type=\"wp-page\" data-elementor-id=\"798\" class=\"elementor elementor-798\" data-elementor-post-type=\"page\">\n\t\t\t\t<div class=\"elementor-element elementor-element-997b428 e-flex e-con-boxed e-con e-parent\" data-id=\"997b428\" data-element_type=\"container\" data-e-type=\"container\">\n\t\t\t\t\t<div class=\"e-con-inner\">\n\t\t\t\t<div class=\"elementor-element elementor-element-01bd21f elementor-widget elementor-widget-heading\" data-id=\"01bd21f\" data-element_type=\"widget\" data-e-type=\"widget\" data-widget_type=\"heading.default\">\n\t\t\t\t\t<h1 class=\"elementor-heading-title elementor-size-default\">Cookies Policy<\/h1>\t\t\t\t<\/div>\n\t\t\t\t<div class=\"elementor-element elementor-element-4195b09 elementor-widget elementor-widget-text-editor\" data-id=\"4195b09\" data-element_type=\"widget\" data-e-type=\"widget\" data-widget_type=\"text-editor.default\">\n\t\t\t\t\t\t\t\t\t<p>VULKAN SYSTEMS, S.L. informs about the use of cookies on its website: https:\/\/www.vulkansystems.com\/<\/p>\t\t\t\t\t\t\t\t<\/div>\n\t\t\t\t<div class=\"elementor-element elementor-element-d04b248 elementor-widget elementor-widget-heading\" data-id=\"d04b248\" data-element_type=\"widget\" data-e-type=\"widget\" data-widget_type=\"heading.default\">\n\t\t\t\t\t<h4 class=\"elementor-heading-title elementor-size-default\">What are cookies?<\/h4>\t\t\t\t<\/div>\n\t\t\t\t<div class=\"elementor-element elementor-element-5f19d8f elementor-widget elementor-widget-text-editor\" data-id=\"5f19d8f\" data-element_type=\"widget\" data-e-type=\"widget\" data-widget_type=\"text-editor.default\">\n\t\t\t\t\t\t\t\t\t<p>Cookies are files that can be downloaded to your device through web pages. They are essential tools for providing numerous information society services. Among others, they allow a website to store and retrieve information about the browsing habits of a user or their equipment and, depending on the information obtained, they can be used to recognize the user and improve the service offered.<\/p>\t\t\t\t\t\t\t\t<\/div>\n\t\t\t\t<div class=\"elementor-element elementor-element-aa7b944 elementor-widget elementor-widget-heading\" data-id=\"aa7b944\" data-element_type=\"widget\" data-e-type=\"widget\" data-widget_type=\"heading.default\">\n\t\t\t\t\t<h4 class=\"elementor-heading-title elementor-size-default\">Types of cookies<\/h4>\t\t\t\t<\/div>\n\t\t\t\t<div class=\"elementor-element elementor-element-745f930 elementor-widget elementor-widget-text-editor\" data-id=\"745f930\" data-element_type=\"widget\" data-e-type=\"widget\" data-widget_type=\"text-editor.default\">\n\t\t\t\t\t\t\t\t\t<p>Depending on the entity that manages the domain from which the cookies are sent and processes the data obtained, two types can be distinguished:<\/p><ul><li>First-party cookies: Those sent to the user's terminal equipment from a computer or domain managed by the publisher itself and from which the service requested by the user is provided.<\/li><li>Third-party cookies: Those sent to the user's terminal equipment from a computer or domain that is not managed by the publisher, but by another entity that processes the data obtained through the cookies.<\/li><\/ul><p>In the event that cookies are installed from a computer or domain managed by the publisher itself, but the information collected through them is managed by a third party, they cannot be considered first-party cookies.<\/p><p>There is also a second classification according to the length of time they remain stored in the client's browser:<\/p><ul><li>Session cookies: Designed to collect and store data while the user accesses a web page. They are usually used to store information that is only relevant for the provision of the service requested by the user on a single occasion (e.g., a list of purchased products).<\/li><li>Persistent cookies: The data remains stored in the terminal and can be accessed and processed for a period defined by the person responsible for the cookie, which can range from a few minutes to several years.<\/li><\/ul><p>Finally, there is another classification with six types of cookies according to the purpose for which the data is processed:<\/p><ul><li>Technical cookies: Those that allow the user to navigate through a website, platform, or application and use the different options or services that exist therein.<\/li><li>Personalization cookies: Allow the user to access the service with some predefined general characteristics based on a series of criteria in the user's terminal, such as language or regional settings.<\/li><li>Analysis cookies: Allow the tracking and analysis of user behavior on websites to improve the user experience.<\/li><li>Advertising cookies: Allow for the more efficient management of advertising spaces.<\/li><li>Behavioral advertising cookies: Store information on user behavior obtained through the continuous observation of their browsing habits.<\/li><li>External social network cookies: Used so that visitors can interact with the content of different social platforms.<\/li><\/ul>\t\t\t\t\t\t\t\t<\/div>\n\t\t\t\t<div class=\"elementor-element elementor-element-7b84070 elementor-widget elementor-widget-heading\" data-id=\"7b84070\" data-element_type=\"widget\" data-e-type=\"widget\" data-widget_type=\"heading.default\">\n\t\t\t\t\t<h4 class=\"elementor-heading-title elementor-size-default\">Disabling and deleting cookies<\/h4>\t\t\t\t<\/div>\n\t\t\t\t<div class=\"elementor-element elementor-element-7771615 elementor-widget elementor-widget-text-editor\" data-id=\"7771615\" data-element_type=\"widget\" data-e-type=\"widget\" data-widget_type=\"text-editor.default\">\n\t\t\t\t\t\t\t\t\t<p>You have the option to allow, block, or delete the cookies installed on your equipment by configuring the options of the browser installed on your computer.<\/p><p>Puedes consultar la configuraci\u00f3n de cookies en diferentes navegadores aqu\u00ed:<\/p><ul><li>Microsoft Internet Explorer or Edge:\u00a0<a href=\"http:\/\/windows.microsoft.com\/es-es\/windows-vista\/Block-or-allow-cookies\" target=\"_blank\" rel=\"noopener\">http:\/\/windows.microsoft.com\/es-es\/windows-vista\/Block-or-allow-cookies<\/a><\/li><li>Mozilla Firefox:\u00a0<a href=\"http:\/\/support.mozilla.org\/es\/kb\/impedir-que-los-sitios-web-guarden-sus-preferencia\" target=\"_blank\" rel=\"noopener\">http:\/\/support.mozilla.org\/es\/kb\/impedir-que-los-sitios-web-guarden-sus-preferencia<\/a><\/li><li>Chrome:\u00a0<a href=\"https:\/\/support.google.com\/accounts\/answer\/61416?hl=es\" target=\"_blank\" rel=\"noopener\">https:\/\/support.google.com\/accounts\/answer\/61416?hl=es<\/a><\/li><li>Safari:\u00a0<a href=\"http:\/\/safari.helpmax.net\/es\/privacidad-y-seguridad\/como-gestionar-las-cookies\/\" target=\"_blank\" rel=\"noopener\">http:\/\/safari.helpmax.net\/es\/privacidad-y-seguridad\/como-gestionar-las-cookies\/<\/a><\/li><li>Opera:\u00a0<a href=\"http:\/\/help.opera.com\/Linux\/10.60\/es-ES\/cookies.html\" target=\"_blank\" rel=\"noopener\">http:\/\/help.opera.com\/Linux\/10.60\/es-ES\/cookies.html<\/a><\/li><\/ul><p>Additionally, you can manage cookies using tools such as Ghostery or Your Online Choices.<\/p><p>https:\/\/www.vulkansystems.com\/ displays information about its Cookies Policy at the bottom or top of any page of the portal with each login.<\/p>\t\t\t\t\t\t\t\t<\/div>\n\t\t\t\t\t<\/div>\n\t\t\t\t<\/div>\n\t\t\t\t<\/div>","protected":false},"excerpt":{"rendered":"<p>Pol\u00edtica de cookies VULKAN SYSTEMS, S.L. informa acerca del uso de las cookies en su p\u00e1gina web: https:\/\/www.vulkansystems.com\/ \u00bfQu\u00e9 son las cookies? Las cookies son archivos que se pueden descargar en su equipo a trav\u00e9s de las p\u00e1ginas web. Son herramientas que tienen un papel esencial para la prestaci\u00f3n de numerosos servicios de la sociedad [&hellip;]<\/p>\n","protected":false},"author":2,"featured_media":0,"parent":0,"menu_order":0,"comment_status":"closed","ping_status":"closed","template":"","meta":{"footnotes":""},"class_list":["post-798","page","type-page","status-publish","hentry"],"_links":{"self":[{"href":"https:\/\/www.vulkansystems.com\/en\/wp-json\/wp\/v2\/pages\/798","targetHints":{"allow":["GET"]}}],"collection":[{"href":"https:\/\/www.vulkansystems.com\/en\/wp-json\/wp\/v2\/pages"}],"about":[{"href":"https:\/\/www.vulkansystems.com\/en\/wp-json\/wp\/v2\/types\/page"}],"author":[{"embeddable":true,"href":"https:\/\/www.vulkansystems.com\/en\/wp-json\/wp\/v2\/users\/2"}],"replies":[{"embeddable":true,"href":"https:\/\/www.vulkansystems.com\/en\/wp-json\/wp\/v2\/comments?post=798"}],"version-history":[{"count":19,"href":"https:\/\/www.vulkansystems.com\/en\/wp-json\/wp\/v2\/pages\/798\/revisions"}],"predecessor-version":[{"id":1308,"href":"https:\/\/www.vulkansystems.com\/en\/wp-json\/wp\/v2\/pages\/798\/revisions\/1308"}],"wp:attachment":[{"href":"https:\/\/www.vulkansystems.com\/en\/wp-json\/wp\/v2\/media?parent=798"}],"curies":[{"name":"wp","href":"https:\/\/api.w.org\/{rel}","templated":true}]}}