{"id":780,"date":"2024-10-24T14:36:06","date_gmt":"2024-10-24T14:36:06","guid":{"rendered":"https:\/\/www.vulkansystems.com\/?page_id=780"},"modified":"2025-10-21T11:37:01","modified_gmt":"2025-10-21T11:37:01","slug":"aviso-legal","status":"publish","type":"page","link":"https:\/\/www.vulkansystems.com\/en\/aviso-legal\/","title":{"rendered":"LEGAL NOTICE"},"content":{"rendered":"<div data-elementor-type=\"wp-page\" data-elementor-id=\"780\" class=\"elementor elementor-780\" data-elementor-post-type=\"page\">\n\t\t\t\t<div class=\"elementor-element elementor-element-779b8954 e-flex e-con-boxed e-con e-parent\" data-id=\"779b8954\" data-element_type=\"container\" data-e-type=\"container\">\n\t\t\t\t\t<div class=\"e-con-inner\">\n\t\t\t\t<div class=\"elementor-element elementor-element-3696f3e7 elementor-widget elementor-widget-heading\" data-id=\"3696f3e7\" data-element_type=\"widget\" data-e-type=\"widget\" data-widget_type=\"heading.default\">\n\t\t\t\t\t<h1 class=\"elementor-heading-title elementor-size-default\">Legal Notice<\/h1>\t\t\t\t<\/div>\n\t\t\t\t<div class=\"elementor-element elementor-element-41ff52b9 elementor-widget elementor-widget-text-editor\" data-id=\"41ff52b9\" data-element_type=\"widget\" data-e-type=\"widget\" data-widget_type=\"text-editor.default\">\n\t\t\t\t\t\t\t\t\t<p>In compliance with the duty of information set forth in Article 10 of Law 34\/2002, of July 11, on Services of the Information Society and Electronic Commerce (LSSICE), the owner of the website informs you of the following:<\/p>\t\t\t\t\t\t\t\t<\/div>\n\t\t\t\t<div class=\"elementor-element elementor-element-bbf838e elementor-widget elementor-widget-text-editor\" data-id=\"bbf838e\" data-element_type=\"widget\" data-e-type=\"widget\" data-widget_type=\"text-editor.default\">\n\t\t\t\t\t\t\t\t\t<ul><li>Corporate Name: VULKAN SYSTEMS, S.L.<\/li><li>Tax ID (NIF): B01885078<\/li><li>Registered Office: C\/ Isabel La Cat\u00f3lica, 58, Local 2, 03130 \u2013 Santa Pola (Alicante).<\/li><li>Inscrita en el Registro Mercantil de Alicante al Tomo 4318, folio 43, secci\u00f3n 8, hoja n\u00famero 171096, inscripci\u00f3n 2<\/li><\/ul>\t\t\t\t\t\t\t\t<\/div>\n\t\t\t\t<div class=\"elementor-element elementor-element-3d950557 elementor-widget elementor-widget-text-editor\" data-id=\"3d950557\" data-element_type=\"widget\" data-e-type=\"widget\" data-widget_type=\"text-editor.default\">\n\t\t\t\t\t\t\t\t\t<p>Within the limits established by law, VULKAN SYSTEMS, S.L. assumes no responsibility derived from the lack of veracity, integrity, updating, and accuracy of the data or information contained on its website pages. The contents and information do not bind VULKAN SYSTEMS, S.L., nor do they constitute opinions, advice, or legal assessment of any kind, as it is merely a service offered for informational and educational purposes.<\/p>\t\t\t\t\t\t\t\t<\/div>\n\t\t\t\t<div class=\"elementor-element elementor-element-a373a02 elementor-widget elementor-widget-text-editor\" data-id=\"a373a02\" data-element_type=\"widget\" data-e-type=\"widget\" data-widget_type=\"text-editor.default\">\n\t\t\t\t\t\t\t\t\t<p>The Internet pages of VULKAN SYSTEMS, S.L. may contain links to other third-party pages that VULKAN SYSTEMS, S.L. cannot control. Therefore, VULKAN SYSTEMS, S.L. cannot assume responsibility for the content that may appear on third-party pages. The texts, images, sounds, animations, software, and other contents included in this website are the exclusive property of VULKAN SYSTEMS, S.L. or its licensors. Any act of transmission, distribution, transfer, reproduction, storage, or total or partial public communication must have the express consent of VULKAN SYSTEMS, S.L.\u00a0<\/p>\t\t\t\t\t\t\t\t<\/div>\n\t\t\t\t<div class=\"elementor-element elementor-element-2fb9441 elementor-widget elementor-widget-text-editor\" data-id=\"2fb9441\" data-element_type=\"widget\" data-e-type=\"widget\" data-widget_type=\"text-editor.default\">\n\t\t\t\t\t\t\t\t\t<p>Furthermore, to access some of the services that VULKAN SYSTEMS, S.L. offers through the website, you must provide certain personal data. In compliance with the provisions of Regulation (EU) 2016\/679 of the European Parliament and of the Council, of April 27, 2016, regarding the protection of natural persons with regard to the processing of personal data and the free movement of such data, we inform you that, by filling out these forms, your personal data will be incorporated and processed in the files of VULKAN SYSTEMS, S.L. in order to provide and offer our services as well as to inform you of improvements to the website.\u00a0<\/p>\t\t\t\t\t\t\t\t<\/div>\n\t\t\t\t<div class=\"elementor-element elementor-element-48bcffa elementor-widget elementor-widget-text-editor\" data-id=\"48bcffa\" data-element_type=\"widget\" data-e-type=\"widget\" data-widget_type=\"text-editor.default\">\n\t\t\t\t\t\t\t\t\t<p>We also inform you that you will have the possibility at any time to exercise your rights of access, rectification, cancellation, opposition, limitation, and portability of your personal data, free of charge, via email to: proveedores@vulkansystems.com or at the address: C\/ Isabel La Cat\u00f3lica, 58, Local 2, 03130 \u2013 Santa Pola (Alicante).<\/p>\t\t\t\t\t\t\t\t<\/div>\n\t\t\t\t\t<\/div>\n\t\t\t\t<\/div>\n\t\t\t\t<\/div>","protected":false},"excerpt":{"rendered":"<p>Aviso legal En cumplimiento con el deber de informaci\u00f3n recogido en art\u00edculo 10 de la Ley 34\/2002, de 11 de julio, de Servicios de la Sociedad de la Informaci\u00f3n y del Comercio Electr\u00f3nico (LSSICE), el propietario de la web le informa de lo siguiente: Denominaci\u00f3n social: VULKAN SYSTEMS, S.L. NIF: B01885078 Domicilio: C\/ Isabel La [&hellip;]<\/p>\n","protected":false},"author":2,"featured_media":0,"parent":0,"menu_order":0,"comment_status":"closed","ping_status":"closed","template":"","meta":{"footnotes":""},"class_list":["post-780","page","type-page","status-publish","hentry"],"_links":{"self":[{"href":"https:\/\/www.vulkansystems.com\/en\/wp-json\/wp\/v2\/pages\/780","targetHints":{"allow":["GET"]}}],"collection":[{"href":"https:\/\/www.vulkansystems.com\/en\/wp-json\/wp\/v2\/pages"}],"about":[{"href":"https:\/\/www.vulkansystems.com\/en\/wp-json\/wp\/v2\/types\/page"}],"author":[{"embeddable":true,"href":"https:\/\/www.vulkansystems.com\/en\/wp-json\/wp\/v2\/users\/2"}],"replies":[{"embeddable":true,"href":"https:\/\/www.vulkansystems.com\/en\/wp-json\/wp\/v2\/comments?post=780"}],"version-history":[{"count":13,"href":"https:\/\/www.vulkansystems.com\/en\/wp-json\/wp\/v2\/pages\/780\/revisions"}],"predecessor-version":[{"id":1647,"href":"https:\/\/www.vulkansystems.com\/en\/wp-json\/wp\/v2\/pages\/780\/revisions\/1647"}],"wp:attachment":[{"href":"https:\/\/www.vulkansystems.com\/en\/wp-json\/wp\/v2\/media?parent=780"}],"curies":[{"name":"wp","href":"https:\/\/api.w.org\/{rel}","templated":true}]}}